{"id":26,"date":"2019-10-30T08:04:23","date_gmt":"2019-10-30T08:04:23","guid":{"rendered":"https:\/\/demo.casethemes.net\/consultio-medical\/?page_id=26"},"modified":"2026-02-13T23:24:58","modified_gmt":"2026-02-13T19:24:58","slug":"about","status":"publish","type":"page","link":"https:\/\/drfuad.megatech.az\/index.php\/about\/","title":{"rendered":"Haqq\u0131m\u0131zda"},"content":{"rendered":"\t\t<div data-elementor-type=\"wp-page\" data-elementor-id=\"26\" class=\"elementor elementor-26\">\n\t\t\t\t        <section class=\"elementor-section elementor-top-section elementor-element elementor-element-bf4d915 elementor-section-boxed elementor-section-height-default elementor-section-height-default ct-header-fixed-none ct-row-max-none\" data-id=\"bf4d915\" data-element_type=\"section\" data-e-type=\"section\">\n            \n                        <div class=\"elementor-container elementor-column-gap-extended \">\n                    <div class=\"elementor-column elementor-col-50 elementor-top-column elementor-element elementor-element-5282614\" data-id=\"5282614\" data-element_type=\"column\" data-e-type=\"column\">\n        <div class=\"elementor-widget-wrap elementor-element-populated\">\n                    \n        \r\n\t\t<div class=\"elementor-element elementor-element-9d091b6 elementor-widget elementor-widget-ct_heading\" data-id=\"9d091b6\" data-element_type=\"widget\" data-e-type=\"widget\" data-widget_type=\"ct_heading.default\">\n\t\t\t\t<div class=\"elementor-widget-container\">\n\t\t\t\t\t<div id=\"ct_heading-9d091b6\" class=\"ct-heading h-align- sub- ct-heading-left item-st-line-left1\">\r\n    <div class=\"ct-item--inner\">\r\n        <div class=\"ct-inline-css\" data-css=\"\r\n            \">\r\n        <\/div>\r\n                <h3 class=\"item--title st-line-left1 case-animate-time\" data-wow-delay=\"ms\">\r\n                        <span class=\"sp-main\">\r\n                                    <i><\/i>\r\n                \r\n                Haqq\u0131mda\r\n                \r\n                            <\/span>\r\n                    <\/h3>\r\n    <\/div>\r\n<\/div>\t\t\t\t<\/div>\n\t\t\t\t<\/div>\n\t\t        <section class=\"elementor-section elementor-inner-section elementor-element elementor-element-6b326e2 elementor-section-boxed elementor-section-height-default elementor-section-height-default ct-header-fixed-none ct-row-max-none\" data-id=\"6b326e2\" data-element_type=\"section\" data-e-type=\"section\">\n            \n                        <div class=\"elementor-container elementor-column-gap-extended \">\n                    <div class=\"elementor-column elementor-col-100 elementor-inner-column elementor-element elementor-element-71555f1\" data-id=\"71555f1\" data-element_type=\"column\" data-e-type=\"column\">\n        <div class=\"elementor-widget-wrap elementor-element-populated\">\n                    \n        \t\t<div class=\"elementor-element elementor-element-176c3a2 elementor-widget elementor-widget-text-editor\" data-id=\"176c3a2\" data-element_type=\"widget\" data-e-type=\"widget\" data-widget_type=\"text-editor.default\">\n\t\t\t\t\t\t\t\t\t<p><span style=\"color: #000000;\">2006-ci ild\u0259 Az\u0259rbaycan Tibb Universitetinind\u0259n m\u0259zun olmu\u015fam. 2008-2013- c\u00fc ill\u0259r aras\u0131nda Marmara Universiteti X\u0259st\u0259xanas\u0131nda kardiologiya ixtisas\u0131 \u00fczr\u0259 uzmanl\u0131q t\u0259hsili alm\u0131\u015fam. 2013-2018-ci ill\u0259rd\u0259 Az\u0259rbaycan Tibb Universitetinin T\u0259dris- Terapevtik Klinikas\u0131nda kardioloq kimi f\u0259aliyy\u0259t g\u00f6st\u0259rmi\u015f\u0259m. Hal-haz\u0131rda Bak\u0131 Sa\u011flaml\u0131q M\u0259rk\u0259zi v\u0259 Endomed klinikas\u0131nda f\u0259aliyy\u0259t g\u00f6st\u0259rir\u0259m.<\/span><\/p>\t\t\t\t\t\t\t\t<\/div>\n\t\t\t\t<div class=\"elementor-element elementor-element-4b32f49 elementor-widget elementor-widget-text-editor\" data-id=\"4b32f49\" data-element_type=\"widget\" data-e-type=\"widget\" data-widget_type=\"text-editor.default\">\n\t\t\t\t\t\t\t\t\t<p class=\"\"><span style=\"color: #000000;\">Kardioloq olaraq \u0259sas f\u0259aliyy\u0259t istiqam\u0259tl\u0259rim haqq\u0131nda m\u0259lumat\u0131\u00a0<a class=\"text-primary\" style=\"color: #000000;\" href=\"https:\/\/fuadsamadov.az\/hizmetlerimiz.html\">X\u0130DM\u018fTL\u018fR\u0130M\u0130Z\u00a0<\/a>menyusuna ke\u00e7id ed\u0259r\u0259k \u0259ld\u0259 ed\u0259 bil\u0259rsiniz.<\/span><\/p><p class=\"\"><span style=\"color: #000000;\">\u00a0\u00a0\u00a0\u00a0Aktiv klinik f\u0259aliyy\u0259tl\u0259 birlikd\u0259 rezident h\u0259kiml\u0259rin haz\u0131rlanmas\u0131nda, m\u00fcxt\u0259lif formatlarda t\u0259\u015fkil olunmu\u015f t\u0259dbirl\u0259rd\u0259 t\u0259lim\u00e7i kimi i\u015ftirak edir\u0259m. Az\u0259rbaycan Kardiologiya C\u0259miyy\u0259tinin, T\u00fcrk Kardiyoloji Derne\u011finin, h\u0259m\u00e7inin Avropa Kardiologiya C\u0259miyy\u0259tinin v\u0259 bir s\u0131ra i\u015f\u00e7i qruplar\u0131n\u0131n \u00fczv\u00fcy\u0259m. \u00a0\u00a0\u00a0\u00a0\u00a0\u00a0\u00a0\u00a0<\/span><\/p><p class=\"\"><span style=\"color: #000000;\">\u00a0Vaxt\u0131nda a\u015fkarlanarsa v\u0259 h\u0259yat t\u0259rzi d\u0259yi\u015fiklikl\u0259ri il\u0259 birlikd\u0259 d\u00fczg\u00fcn m\u00fcalic\u0259 il\u0259 bir \u00e7ox \u00fcr\u0259k-damar x\u0259st\u0259likl\u0259rin\u0259 qalib g\u0259l\u0259 bil\u0259c\u0259yimiz\u0259 inan\u0131ram. \u00dcr\u0259k-damar x\u0259st\u0259likl\u0259ri sah\u0259sind\u0259 xidm\u0259timizin \u0259sas devizi \u0259trafl\u0131 m\u00fcayin\u0259, erk\u0259n diaqnoz, h\u0259rt\u0259r\u0259fli m\u00fcalic\u0259, m\u0259lumatl\u0131 pasient v\u0259 \u00f6m\u00fcrl\u00fck n\u0259zar\u0259tdir.<\/span><\/p>\t\t\t\t\t\t\t\t<\/div>\n\t\t\t\t<div class=\"elementor-element elementor-element-dffa2c1 elementor-widget elementor-widget-image\" data-id=\"dffa2c1\" data-element_type=\"widget\" data-e-type=\"widget\" data-widget_type=\"image.default\">\n\t\t\t\t\t\t\t\t\t\t\t\t\t\t\t<img decoding=\"async\" width=\"350\" height=\"1\" src=\"https:\/\/drfuad.megatech.az\/wp-content\/uploads\/2019\/12\/about-gap.png\" class=\"attachment-full size-full wp-image-1896\" alt=\"\" srcset=\"https:\/\/drfuad.megatech.az\/wp-content\/uploads\/2019\/12\/about-gap.png 350w, https:\/\/drfuad.megatech.az\/wp-content\/uploads\/2019\/12\/about-gap-300x1.png 300w, https:\/\/drfuad.megatech.az\/wp-content\/uploads\/2019\/12\/about-gap-250x1.png 250w, https:\/\/drfuad.megatech.az\/wp-content\/uploads\/2019\/12\/about-gap-150x1.png 150w\" sizes=\"(max-width: 350px) 100vw, 350px\" \/>\t\t\t\t\t\t\t\t\t\t\t\t\t\t\t<\/div>\n\t\t            <\/div>\n        <\/div>\n                    <\/div>\n        <\/section>\n                    <\/div>\n        <\/div>\n                <div class=\"elementor-column elementor-col-50 elementor-top-column elementor-element elementor-element-07e4861\" data-id=\"07e4861\" data-element_type=\"column\" data-e-type=\"column\">\n        <div class=\"elementor-widget-wrap elementor-element-populated\">\n                    \n        \t\t<div class=\"elementor-element elementor-element-1548748 elementor-widget elementor-widget-image\" data-id=\"1548748\" data-element_type=\"widget\" data-e-type=\"widget\" data-widget_type=\"image.default\">\n\t\t\t\t\t\t\t\t\t\t\t\t\t\t\t<img fetchpriority=\"high\" decoding=\"async\" width=\"558\" height=\"631\" src=\"https:\/\/drfuad.megatech.az\/wp-content\/uploads\/2019\/12\/about1.png\" class=\"attachment-full size-full wp-image-1877\" alt=\"\" srcset=\"https:\/\/drfuad.megatech.az\/wp-content\/uploads\/2019\/12\/about1.png 558w, https:\/\/drfuad.megatech.az\/wp-content\/uploads\/2019\/12\/about1-265x300.png 265w\" sizes=\"(max-width: 558px) 100vw, 558px\" \/>\t\t\t\t\t\t\t\t\t\t\t\t\t\t\t<\/div>\n\t\t            <\/div>\n        <\/div>\n                    <\/div>\n        <\/section>\n        \t\t<\/div>\n\t\t","protected":false},"excerpt":{"rendered":"<p>Haqq\u0131mda 2006-ci ild\u0259 Az\u0259rbaycan Tibb Universitetinind\u0259n m\u0259zun olmu\u015fam. 2008-2013- c\u00fc ill\u0259r aras\u0131nda Marmara Universiteti X\u0259st\u0259xanas\u0131nda kardiologiya ixtisas\u0131 \u00fczr\u0259 uzmanl\u0131q t\u0259hsili alm\u0131\u015fam. 2013-2018-ci ill\u0259rd\u0259 Az\u0259rbaycan Tibb Universitetinin T\u0259dris- Terapevtik Klinikas\u0131nda kardioloq kimi f\u0259aliyy\u0259t g\u00f6st\u0259rmi\u015f\u0259m. Hal-haz\u0131rda Bak\u0131 Sa\u011flaml\u0131q M\u0259rk\u0259zi v\u0259 Endomed klinikas\u0131nda f\u0259aliyy\u0259t g\u00f6st\u0259rir\u0259m. Kardioloq olaraq \u0259sas f\u0259aliyy\u0259t istiqam\u0259tl\u0259rim haqq\u0131nda m\u0259lumat\u0131\u00a0X\u0130DM\u018fTL\u018fR\u0130M\u0130Z\u00a0menyusuna ke\u00e7id ed\u0259r\u0259k \u0259ld\u0259 ed\u0259 bil\u0259rsiniz. \u00a0\u00a0\u00a0\u00a0Aktiv [&hellip;]<\/p>\n","protected":false},"author":1,"featured_media":0,"parent":0,"menu_order":0,"comment_status":"closed","ping_status":"closed","template":"","meta":{"footnotes":""},"class_list":["post-26","page","type-page","status-publish","hentry"],"_links":{"self":[{"href":"https:\/\/drfuad.megatech.az\/index.php\/wp-json\/wp\/v2\/pages\/26","targetHints":{"allow":["GET"]}}],"collection":[{"href":"https:\/\/drfuad.megatech.az\/index.php\/wp-json\/wp\/v2\/pages"}],"about":[{"href":"https:\/\/drfuad.megatech.az\/index.php\/wp-json\/wp\/v2\/types\/page"}],"author":[{"embeddable":true,"href":"https:\/\/drfuad.megatech.az\/index.php\/wp-json\/wp\/v2\/users\/1"}],"replies":[{"embeddable":true,"href":"https:\/\/drfuad.megatech.az\/index.php\/wp-json\/wp\/v2\/comments?post=26"}],"version-history":[{"count":4,"href":"https:\/\/drfuad.megatech.az\/index.php\/wp-json\/wp\/v2\/pages\/26\/revisions"}],"predecessor-version":[{"id":4724,"href":"https:\/\/drfuad.megatech.az\/index.php\/wp-json\/wp\/v2\/pages\/26\/revisions\/4724"}],"wp:attachment":[{"href":"https:\/\/drfuad.megatech.az\/index.php\/wp-json\/wp\/v2\/media?parent=26"}],"curies":[{"name":"wp","href":"https:\/\/api.w.org\/{rel}","templated":true}]}}