{"id":407,"date":"2019-11-11T08:33:51","date_gmt":"2019-11-11T08:33:51","guid":{"rendered":"https:\/\/demo.casethemes.net\/consultio-medical\/?page_id=407"},"modified":"2026-02-15T23:24:33","modified_gmt":"2026-02-15T19:24:33","slug":"services-v-1","status":"publish","type":"page","link":"https:\/\/drfuad.megatech.az\/index.php\/services-v-1\/","title":{"rendered":"Xidm\u0259tl\u0259rimiz"},"content":{"rendered":"\t\t<div data-elementor-type=\"wp-page\" data-elementor-id=\"407\" class=\"elementor elementor-407\">\n\t\t\t\t        <section class=\"elementor-section elementor-top-section elementor-element elementor-element-f019bad elementor-section-content-middle elementor-section-boxed elementor-section-height-default elementor-section-height-default ct-header-fixed-none ct-row-max-none\" data-id=\"f019bad\" data-element_type=\"section\" data-e-type=\"section\">\n            \n                        <div class=\"elementor-container elementor-column-gap-extended \">\n                    <div class=\"elementor-column elementor-col-50 elementor-top-column elementor-element elementor-element-5ce29c2\" data-id=\"5ce29c2\" data-element_type=\"column\" data-e-type=\"column\">\n        <div class=\"elementor-widget-wrap elementor-element-populated\">\n                    \n        \r\n\t\t<div class=\"elementor-element elementor-element-d3b6aca elementor-widget elementor-widget-ct_heading\" data-id=\"d3b6aca\" data-element_type=\"widget\" data-e-type=\"widget\" data-widget_type=\"ct_heading.default\">\n\t\t\t\t<div class=\"elementor-widget-container\">\n\t\t\t\t\t<div id=\"ct_heading-d3b6aca\" class=\"ct-heading h-align- sub-style1 ct-heading-left item-st-default\">\r\n    <div class=\"ct-item--inner\">\r\n        <div class=\"ct-inline-css\" data-css=\"\r\n            \">\r\n        <\/div>\r\n                    <div class=\"item--sub-title style1 show-line\">\r\n                                                                DR.FUAD                                                                            <\/div>\r\n                <h3 class=\"item--title st-default case-animate-time\" data-wow-delay=\"ms\">\r\n                        <span class=\"sp-main\">\r\n                \r\n                Xidm\u0259tl\u0259rimiz\r\n                \r\n                            <\/span>\r\n                    <\/h3>\r\n    <\/div>\r\n<\/div>\t\t\t\t<\/div>\n\t\t\t\t<\/div>\n\t\t            <\/div>\n        <\/div>\n                <div class=\"elementor-column elementor-col-50 elementor-top-column elementor-element elementor-element-877c444\" data-id=\"877c444\" data-element_type=\"column\" data-e-type=\"column\">\n        <div class=\"elementor-widget-wrap elementor-element-populated\">\n                    \n        \t\t<div class=\"elementor-element elementor-element-8a619a7 elementor-widget elementor-widget-text-editor\" data-id=\"8a619a7\" data-element_type=\"widget\" data-e-type=\"widget\" data-widget_type=\"text-editor.default\">\n\t\t\t\t\t\t\t\t\t<p><span style=\"color: #000000;\">T\u0259qdim etdiyimiz xidm\u0259tl\u0259r haqq\u0131nda \u0259trafl\u0131 m\u0259lumat\u0131 burada tapa bil\u0259rsiniz.<\/span><\/p>\t\t\t\t\t\t\t\t<\/div>\n\t\t            <\/div>\n        <\/div>\n                    <\/div>\n        <\/section>\n                <section class=\"elementor-section elementor-top-section elementor-element elementor-element-7d640f1 elementor-section-boxed elementor-section-height-default elementor-section-height-default ct-header-fixed-none ct-row-max-none\" data-id=\"7d640f1\" data-element_type=\"section\" data-e-type=\"section\">\n            \n                        <div class=\"elementor-container elementor-column-gap-extended \">\n                    <div class=\"elementor-column elementor-col-100 elementor-top-column elementor-element elementor-element-1e2ce89\" data-id=\"1e2ce89\" data-element_type=\"column\" data-e-type=\"column\">\n        <div class=\"elementor-widget-wrap elementor-element-populated\">\n                    \n        \t\t<div class=\"elementor-element elementor-element-16d5b63 elementor-widget elementor-widget-ct_service_grid\" data-id=\"16d5b63\" data-element_type=\"widget\" data-e-type=\"widget\" data-widget_type=\"ct_service_grid.default\">\n\t\t\t\t<div class=\"elementor-widget-container\">\n\t\t\t\t\t\r\n<div id=\"ct_service_grid-16d5b63\" class=\"ct-grid ct-service-grid2\" data-layout=\"masonry\" data-start-page=\"1\" data-max-pages=\"2\" data-total=\"8\" data-perpage=\"6\" data-next-link=\"https:\/\/drfuad.megatech.az\/index.php\/wp-json\/wp\/v2\/pages\/407\/page\/2\/\">\r\n    <div class=\"ct-grid-overlay\"><\/div>\r\n    \r\n    <div class=\"ct-grid-inner ct-grid-masonry row animate-time\" data-gutter=\"15\">\r\n                                                                    <div class=\"grid-item col-xl-4 col-lg-4 col-md-6 col-sm-6 col-12 xidm%c9%99tl%c9%99rimiz\">\r\n                            <div class=\"grid-item-inner wow fadeIn active-featured\">\r\n                                <div class=\"item--featured\">\r\n                                    <img fetchpriority=\"high\" decoding=\"async\" class=\"disable-lazy no-lazyload \" src=\"https:\/\/drfuad.megatech.az\/wp-content\/uploads\/2019\/12\/maxresdefault-450x450.jpg\" width=\"450\" height=\"450\" alt=\"maxresdefault\" title=\"maxresdefault\" \/>                                <\/div>\r\n                                <div class=\"item--meta\">\r\n                                                                            <h3 class=\"item--title\">Qapaq x\u0259st\u0259likl\u0259ri<\/h3>\r\n                                                                    <\/div>\r\n                                <div class=\"item--holder\">\r\n                                    <div class=\"item--holder-inner\">\r\n                                                                                    <h3 class=\"item--title\">Qapaq x\u0259st\u0259likl\u0259ri<\/h3>\r\n                                                                                                                            <div class=\"item--content\">\r\n                                                \u00dcr\u0259kd\u0259 d\u00f6rd \u0259d\u0259d qapaq m\u00f6vcuddur - \u00fcr\u0259yin sol t\u0259r\u0259find\u0259 aort v\u0259 mitral qapaq, sa\u011f t\u0259r\u0259find\u0259 is\u0259 pulmonar v\u0259 trikuspid qapaqlar.                                            <\/div>\r\n                                                                                                                            <div class=\"entry-readmore\">\r\n                                                <a class=\"btn btn-default\" href=\"https:\/\/drfuad.megatech.az\/index.php\/service\/qapaq-xestelikleri\/\">\r\n                                                    \u018ftrafl\u0131                                                <\/a>\r\n                                            <\/div>\r\n                                                                            <\/div>\r\n                                <\/div>\r\n                            <\/div>\r\n                        <\/div>\r\n                                                                                  \r\n                                                                        <div class=\"grid-item col-xl-4 col-lg-4 col-md-6 col-sm-6 col-12 xidm%c9%99tl%c9%99rimiz\">\r\n                            <div class=\"grid-item-inner wow fadeIn active-featured\">\r\n                                <div class=\"item--featured\">\r\n                                    <img decoding=\"async\" class=\"disable-lazy no-lazyload \" src=\"https:\/\/drfuad.megatech.az\/wp-content\/uploads\/2019\/12\/agciyer_02563-450x450.jpg\" width=\"450\" height=\"450\" alt=\"agciyer_02563\" title=\"agciyer_02563\" \/>                                <\/div>\r\n                                <div class=\"item--meta\">\r\n                                                                            <h3 class=\"item--title\">A\u011fciy\u0259r hipertenziyas\u0131<\/h3>\r\n                                                                    <\/div>\r\n                                <div class=\"item--holder\">\r\n                                    <div class=\"item--holder-inner\">\r\n                                                                                    <h3 class=\"item--title\">A\u011fciy\u0259r hipertenziyas\u0131<\/h3>\r\n                                                                                                                            <div class=\"item--content\">\r\n                                                A\u011fciy\u0259r hipertenziyas\u0131n\u0131n d\u0259qiq diaqnostikas\u0131 v\u0259 s\u0259b\u0259binin m\u00fc\u0259yy\u0259nl\u0259\u015fdirilm\u0259si                                            <\/div>\r\n                                                                                                                            <div class=\"entry-readmore\">\r\n                                                <a class=\"btn btn-default\" href=\"https:\/\/drfuad.megatech.az\/index.php\/service\/agciyer-hipertenziyasi\/\">\r\n                                                    \u018ftrafl\u0131                                                <\/a>\r\n                                            <\/div>\r\n                                                                            <\/div>\r\n                                <\/div>\r\n                            <\/div>\r\n                        <\/div>\r\n                                                                                  \r\n                                                                        <div class=\"grid-item col-xl-4 col-lg-4 col-md-6 col-sm-6 col-12 xidm%c9%99tl%c9%99rimiz\">\r\n                            <div class=\"grid-item-inner wow fadeIn active-featured\">\r\n                                <div class=\"item--featured\">\r\n                                    <img decoding=\"async\" class=\"disable-lazy no-lazyload \" src=\"https:\/\/drfuad.megatech.az\/wp-content\/uploads\/2019\/12\/urek-450x450.jpg\" width=\"450\" height=\"450\" alt=\"urek\" title=\"urek\" \/>                                <\/div>\r\n                                <div class=\"item--meta\">\r\n                                                                            <h3 class=\"item--title\">\u00dcr\u0259k kameralar\u0131n\u0131n kateterizasiyas\u0131<\/h3>\r\n                                                                    <\/div>\r\n                                <div class=\"item--holder\">\r\n                                    <div class=\"item--holder-inner\">\r\n                                                                                    <h3 class=\"item--title\">\u00dcr\u0259k kameralar\u0131n\u0131n kateterizasiyas\u0131<\/h3>\r\n                                                                                                                            <div class=\"item--content\">\r\n                                                Bu m\u00fcayin\u0259 \u00fcr\u0259yin ayr\u0131-ayr\u0131 kameralar\u0131nda, h\u0259m\u00e7inin \u00fcr\u0259kd\u0259n \u00e7\u0131xan b\u00f6y\u00fck damar- larda t\u0259zyiqi                                            <\/div>\r\n                                                                                                                            <div class=\"entry-readmore\">\r\n                                                <a class=\"btn btn-default\" href=\"https:\/\/drfuad.megatech.az\/index.php\/service\/urek-kameralarinin\/\">\r\n                                                    \u018ftrafl\u0131                                                <\/a>\r\n                                            <\/div>\r\n                                                                            <\/div>\r\n                                <\/div>\r\n                            <\/div>\r\n                        <\/div>\r\n                                                                                  \r\n                                                                        <div class=\"grid-item col-xl-4 col-lg-4 col-md-6 col-sm-6 col-12 xidm%c9%99tl%c9%99rimiz\">\r\n                            <div class=\"grid-item-inner wow fadeIn active-featured\">\r\n                                <div class=\"item--featured\">\r\n                                    <img loading=\"lazy\" decoding=\"async\" class=\"disable-lazy no-lazyload \" src=\"https:\/\/drfuad.megatech.az\/wp-content\/uploads\/2019\/12\/pulmoner-hipertansiyon-icin-profesorden-uyari-1-1200x675-1-450x450.jpeg\" width=\"450\" height=\"450\" alt=\"pulmoner-hipertansiyon-icin-profesorden-uyari-1-1200x675\" title=\"pulmoner-hipertansiyon-icin-profesorden-uyari-1-1200x675\" \/>                                <\/div>\r\n                                <div class=\"item--meta\">\r\n                                                                            <h3 class=\"item--title\">\u018ftrafl\u0131 Exokardioqrafiya<\/h3>\r\n                                                                    <\/div>\r\n                                <div class=\"item--holder\">\r\n                                    <div class=\"item--holder-inner\">\r\n                                                                                    <h3 class=\"item--title\">\u018ftrafl\u0131 Exokardioqrafiya<\/h3>\r\n                                                                                                                            <div class=\"item--content\">\r\n                                                Adi exokardioqrafiyadan \u0259lav\u0259 b\u0259zi x\u00fcsusi \u00f6l\u00e7\u00fcml\u0259r\u0259 imkan ver\u0259n \u0259trafl\u0131 exokardioqrafiya                                            <\/div>\r\n                                                                                                                            <div class=\"entry-readmore\">\r\n                                                <a class=\"btn btn-default\" href=\"https:\/\/drfuad.megatech.az\/index.php\/service\/etrafli-exokarddioqrafiya\/\">\r\n                                                    \u018ftrafl\u0131                                                <\/a>\r\n                                            <\/div>\r\n                                                                            <\/div>\r\n                                <\/div>\r\n                            <\/div>\r\n                        <\/div>\r\n                                                                                  \r\n                                                                                                                <div class=\"grid-item col-xl-4 col-lg-4 col-md-6 col-sm-6 col-12 xidm%c9%99tl%c9%99rimiz\">\r\n                            <div class=\"grid-item-inner wow fadeIn active-featured\">\r\n                                <div class=\"item--featured\">\r\n                                    <img loading=\"lazy\" decoding=\"async\" class=\"disable-lazy no-lazyload \" src=\"https:\/\/drfuad.megatech.az\/wp-content\/uploads\/2019\/12\/Echo-450x450.jpg\" width=\"450\" height=\"450\" alt=\"Echo\" title=\"Echo\" \/>                                <\/div>\r\n                                <div class=\"item--meta\">\r\n                                                                            <h3 class=\"item--title\">Stress exokardioqrafiya<\/h3>\r\n                                                                    <\/div>\r\n                                <div class=\"item--holder\">\r\n                                    <div class=\"item--holder-inner\">\r\n                                                                                    <h3 class=\"item--title\">Stress exokardioqrafiya<\/h3>\r\n                                                                                                                            <div class=\"item--content\">\r\n                                                M\u0259rk\u0259zimiz \u00f6lk\u0259mizd\u0259 bu m\u00fcayin\u0259nin apar\u0131ld\u0131\u011f\u0131 nadir klinikalardan biridir.                                            <\/div>\r\n                                                                                                                            <div class=\"entry-readmore\">\r\n                                                <a class=\"btn btn-default\" href=\"https:\/\/drfuad.megatech.az\/index.php\/service\/stress-exokardioqrafiya\/\">\r\n                                                    \u018ftrafl\u0131                                                <\/a>\r\n                                            <\/div>\r\n                                                                            <\/div>\r\n                                <\/div>\r\n                            <\/div>\r\n                        <\/div>\r\n                                          \r\n                                                                                                                <div class=\"grid-item col-xl-4 col-lg-4 col-md-6 col-sm-6 col-12 xidm%c9%99tl%c9%99rimiz\">\r\n                            <div class=\"grid-item-inner wow fadeIn active-featured\">\r\n                                <div class=\"item--featured\">\r\n                                    <img loading=\"lazy\" decoding=\"async\" class=\"disable-lazy no-lazyload \" src=\"https:\/\/drfuad.megatech.az\/wp-content\/uploads\/2019\/12\/My-project-15-450x450.png\" width=\"450\" height=\"450\" alt=\"My-project-15\" title=\"My-project-15\" \/>                                <\/div>\r\n                                <div class=\"item--meta\">\r\n                                                                            <h3 class=\"item--title\">Transezofagial exokardioqrafiya<\/h3>\r\n                                                                    <\/div>\r\n                                <div class=\"item--holder\">\r\n                                    <div class=\"item--holder-inner\">\r\n                                                                                    <h3 class=\"item--title\">Transezofagial exokardioqrafiya<\/h3>\r\n                                                                                                                            <div class=\"item--content\">\r\n                                                Normal exo m\u00fcayin\u0259sind\u0259 \u015f\u00fcbh\u0259li m\u0259qamlar qald\u0131qda daha \u0259trafl\u0131 m\u0259lumat \u0259ld\u0259 etm\u0259k \u00fc\u00e7\u00fcn                                            <\/div>\r\n                                                                                                                            <div class=\"entry-readmore\">\r\n                                                <a class=\"btn btn-default\" href=\"https:\/\/drfuad.megatech.az\/index.php\/service\/transezofagial-exokardioqrafiya\/\">\r\n                                                    \u018ftrafl\u0131                                                <\/a>\r\n                                            <\/div>\r\n                                                                            <\/div>\r\n                                <\/div>\r\n                            <\/div>\r\n                        <\/div>\r\n                                          \r\n                                <div class=\"grid-sizer col-xl-4 col-lg-4 col-md-6 col-sm-6 col-12\"><\/div>\r\n            <\/div>\r\n        <\/div>\t\t\t\t<\/div>\n\t\t\t\t<\/div>\n\t\t            <\/div>\n        <\/div>\n                    <\/div>\n        <\/section>\n        \t\t<\/div>\n\t\t","protected":false},"excerpt":{"rendered":"<p>DR.FUAD Xidm\u0259tl\u0259rimiz T\u0259qdim etdiyimiz xidm\u0259tl\u0259r haqq\u0131nda \u0259trafl\u0131 m\u0259lumat\u0131 burada tapa bil\u0259rsiniz. Qapaq x\u0259st\u0259likl\u0259ri Qapaq x\u0259st\u0259likl\u0259ri \u00dcr\u0259kd\u0259 d\u00f6rd \u0259d\u0259d qapaq m\u00f6vcuddur &#8211; \u00fcr\u0259yin sol t\u0259r\u0259find\u0259 aort v\u0259 mitral qapaq, sa\u011f t\u0259r\u0259find\u0259 is\u0259 pulmonar v\u0259 trikuspid qapaqlar. \u018ftrafl\u0131 A\u011fciy\u0259r hipertenziyas\u0131 A\u011fciy\u0259r hipertenziyas\u0131 A\u011fciy\u0259r hipertenziyas\u0131n\u0131n d\u0259qiq diaqnostikas\u0131 v\u0259 s\u0259b\u0259binin m\u00fc\u0259yy\u0259nl\u0259\u015fdirilm\u0259si \u018ftrafl\u0131 \u00dcr\u0259k kameralar\u0131n\u0131n kateterizasiyas\u0131 \u00dcr\u0259k kameralar\u0131n\u0131n kateterizasiyas\u0131 Bu [&hellip;]<\/p>\n","protected":false},"author":1,"featured_media":0,"parent":0,"menu_order":0,"comment_status":"closed","ping_status":"closed","template":"","meta":{"footnotes":""},"class_list":["post-407","page","type-page","status-publish","hentry"],"_links":{"self":[{"href":"https:\/\/drfuad.megatech.az\/index.php\/wp-json\/wp\/v2\/pages\/407","targetHints":{"allow":["GET"]}}],"collection":[{"href":"https:\/\/drfuad.megatech.az\/index.php\/wp-json\/wp\/v2\/pages"}],"about":[{"href":"https:\/\/drfuad.megatech.az\/index.php\/wp-json\/wp\/v2\/types\/page"}],"author":[{"embeddable":true,"href":"https:\/\/drfuad.megatech.az\/index.php\/wp-json\/wp\/v2\/users\/1"}],"replies":[{"embeddable":true,"href":"https:\/\/drfuad.megatech.az\/index.php\/wp-json\/wp\/v2\/comments?post=407"}],"version-history":[{"count":13,"href":"https:\/\/drfuad.megatech.az\/index.php\/wp-json\/wp\/v2\/pages\/407\/revisions"}],"predecessor-version":[{"id":4809,"href":"https:\/\/drfuad.megatech.az\/index.php\/wp-json\/wp\/v2\/pages\/407\/revisions\/4809"}],"wp:attachment":[{"href":"https:\/\/drfuad.megatech.az\/index.php\/wp-json\/wp\/v2\/media?parent=407"}],"curies":[{"name":"wp","href":"https:\/\/api.w.org\/{rel}","templated":true}]}}